{"id":388,"date":"2021-01-31T21:21:18","date_gmt":"2021-01-31T20:21:18","guid":{"rendered":"http:\/\/kiterepair.dk\/?page_id=388"},"modified":"2021-02-07T14:46:44","modified_gmt":"2021-02-07T13:46:44","slug":"about-us","status":"publish","type":"page","link":"https:\/\/kiterepair.dk\/da\/about-us\/","title":{"rendered":""},"content":{"rendered":"\t\t<div data-elementor-type=\"wp-page\" data-elementor-id=\"388\" class=\"elementor elementor-388\">\n\t\t\t\t\t\t<div class=\"elementor-inner\">\n\t\t\t\t<div class=\"elementor-section-wrap\">\n\t\t\t\t\t\t\t\t\t<section class=\"elementor-section elementor-top-section elementor-element elementor-element-b3078d7 elementor-section-boxed elementor-section-height-default elementor-section-height-default\" data-id=\"b3078d7\" data-element_type=\"section\">\n\t\t\t\t\t\t<div class=\"elementor-container elementor-column-gap-default\">\n\t\t\t\t\t\t\t<div class=\"elementor-row\">\n\t\t\t\t\t<div class=\"elementor-column elementor-col-50 elementor-top-column elementor-element elementor-element-eb5f90a\" data-id=\"eb5f90a\" data-element_type=\"column\">\n\t\t\t<div class=\"elementor-column-wrap elementor-element-populated\">\n\t\t\t\t\t\t\t<div class=\"elementor-widget-wrap\">\n\t\t\t\t\t\t<div class=\"elementor-element elementor-element-710c418 elementor-widget elementor-widget-image\" data-id=\"710c418\" data-element_type=\"widget\" data-widget_type=\"image.default\">\n\t\t\t\t<div class=\"elementor-widget-container\">\n\t\t\t\t\t\t\t\t<div class=\"elementor-image\">\n\t\t\t\t\t\t\t\t\t\t\t\t<img loading=\"lazy\" decoding=\"async\" width=\"394\" height=\"394\" src=\"https:\/\/kiterepair.dk\/wp-content\/uploads\/2021\/02\/odo-kiteboarding-kite-one-pump-system-detail-e-394x394.jpg\" class=\"attachment-th_img_sm_square size-th_img_sm_square\" alt=\"\" srcset=\"https:\/\/kiterepair.dk\/wp-content\/uploads\/2021\/02\/odo-kiteboarding-kite-one-pump-system-detail-e-394x394.jpg 394w, https:\/\/kiterepair.dk\/wp-content\/uploads\/2021\/02\/odo-kiteboarding-kite-one-pump-system-detail-e-150x150.jpg 150w\" sizes=\"auto, (max-width: 394px) 100vw, 394px\" \/>\t\t\t\t\t\t\t\t\t\t\t\t\t\t<\/div>\n\t\t\t\t\t\t<\/div>\n\t\t\t\t<\/div>\n\t\t\t\t\t\t<\/div>\n\t\t\t\t\t<\/div>\n\t\t<\/div>\n\t\t\t\t<div class=\"elementor-column elementor-col-50 elementor-top-column elementor-element elementor-element-7354da3\" data-id=\"7354da3\" data-element_type=\"column\">\n\t\t\t<div class=\"elementor-column-wrap elementor-element-populated\">\n\t\t\t\t\t\t\t<div class=\"elementor-widget-wrap\">\n\t\t\t\t\t\t<div class=\"elementor-element elementor-element-72fefa2 elementor-widget elementor-widget-heading\" data-id=\"72fefa2\" data-element_type=\"widget\" data-widget_type=\"heading.default\">\n\t\t\t\t<div class=\"elementor-widget-container\">\n\t\t\t<h1 class=\"elementor-heading-title elementor-size-default\">Eftersyn<\/h1>\t\t<\/div>\n\t\t\t\t<\/div>\n\t\t\t\t<div class=\"elementor-element elementor-element-65fe318 elementor-widget elementor-widget-text-editor\" data-id=\"65fe318\" data-element_type=\"widget\" data-widget_type=\"text-editor.default\">\n\t\t\t\t<div class=\"elementor-widget-container\">\n\t\t\t\t\t\t\t\t<div class=\"elementor-text-editor elementor-clearfix\">\n\t\t\t\t<!-- wp:paragraph -->\n<p>F\u00e5 efterset din kite og bar inden n\u00e6ste s\u00e6son.<\/p>\n<!-- \/wp:paragraph --><!-- wp:paragraph -->\n<p><span class=\"tojvnm2t a6sixzi8 abs2jz4q a8s20v7p t1p8iaqh k5wvi7nf q3lfd5jv pk4s997a bipmatt0 cebpdrjk qowsmv63 owwhemhu dp1hu0rb dhp61c6y iyyx5f41\">Vi tjekker alt! Sm\u00e5 rifter, ventiler, liner, gummislanger, ut\u00e6theder\u2026<\/span><\/p>\n<!-- \/wp:paragraph --><!-- wp:paragraph -->\n<p><span class=\"tojvnm2t a6sixzi8 abs2jz4q a8s20v7p t1p8iaqh k5wvi7nf q3lfd5jv pk4s997a bipmatt0 cebpdrjk qowsmv63 owwhemhu dp1hu0rb dhp61c6y iyyx5f41\">Vi giver dig et tilbud, s\u00e5fremt der er behov for reparationer p\u00e5 din kite.<\/span><\/p>\n<p>450 kr<\/p>\n<!-- \/wp:paragraph --><!-- wp:paragraph -->\n<p>\u00a0<\/p>\n<!-- \/wp:paragraph -->\t\t\t\t\t<\/div>\n\t\t\t\t\t\t<\/div>\n\t\t\t\t<\/div>\n\t\t\t\t\t\t<\/div>\n\t\t\t\t\t<\/div>\n\t\t<\/div>\n\t\t\t\t\t\t\t\t<\/div>\n\t\t\t\t\t<\/div>\n\t\t<\/section>\n\t\t\t\t\t\t\t\t\t<\/div>\n\t\t\t<\/div>\n\t\t\t\t\t<\/div>\n\t\t","protected":false},"excerpt":{"rendered":"<p>Eftersyn F\u00e5 efterset din kite og bar inden n\u00e6ste s\u00e6son. Vi tjekker alt! Sm\u00e5 rifter, ventiler, liner, gummislanger, ut\u00e6theder\u2026 Vi giver dig et tilbud, s\u00e5fremt der er behov for reparationer p\u00e5 din kite. 450 kr \u00a0<\/p>\n","protected":false},"author":1,"featured_media":0,"parent":0,"menu_order":0,"comment_status":"closed","ping_status":"closed","template":"","meta":{"footnotes":""},"class_list":["post-388","page","type-page","status-publish","hentry"],"_links":{"self":[{"href":"https:\/\/kiterepair.dk\/da\/wp-json\/wp\/v2\/pages\/388","targetHints":{"allow":["GET"]}}],"collection":[{"href":"https:\/\/kiterepair.dk\/da\/wp-json\/wp\/v2\/pages"}],"about":[{"href":"https:\/\/kiterepair.dk\/da\/wp-json\/wp\/v2\/types\/page"}],"author":[{"embeddable":true,"href":"https:\/\/kiterepair.dk\/da\/wp-json\/wp\/v2\/users\/1"}],"replies":[{"embeddable":true,"href":"https:\/\/kiterepair.dk\/da\/wp-json\/wp\/v2\/comments?post=388"}],"version-history":[{"count":30,"href":"https:\/\/kiterepair.dk\/da\/wp-json\/wp\/v2\/pages\/388\/revisions"}],"predecessor-version":[{"id":550,"href":"https:\/\/kiterepair.dk\/da\/wp-json\/wp\/v2\/pages\/388\/revisions\/550"}],"wp:attachment":[{"href":"https:\/\/kiterepair.dk\/da\/wp-json\/wp\/v2\/media?parent=388"}],"curies":[{"name":"wp","href":"https:\/\/api.w.org\/{rel}","templated":true}]}}