{"id":336,"date":"2021-01-31T20:52:11","date_gmt":"2021-01-31T19:52:11","guid":{"rendered":"http:\/\/kiterepair.dk\/?page_id=336"},"modified":"2021-09-15T13:51:19","modified_gmt":"2021-09-15T11:51:19","slug":"reps","status":"publish","type":"page","link":"https:\/\/kiterepair.dk\/en\/","title":{"rendered":""},"content":{"rendered":"<div data-elementor-type=\"wp-page\" data-elementor-id=\"336\" class=\"elementor elementor-336\">\n\t\t\t\t\t\t<div class=\"elementor-inner\">\n\t\t\t\t<div class=\"elementor-section-wrap\">\n\t\t\t\t\t\t\t\t\t<section class=\"elementor-section elementor-top-section elementor-element elementor-element-3d8411de elementor-section-boxed elementor-section-height-default elementor-section-height-default\" data-id=\"3d8411de\" data-element_type=\"section\">\n\t\t\t\t\t\t<div class=\"elementor-container elementor-column-gap-default\">\n\t\t\t\t\t\t\t<div class=\"elementor-row\">\n\t\t\t\t\t<div class=\"elementor-column elementor-col-100 elementor-top-column elementor-element elementor-element-62a00536\" data-id=\"62a00536\" data-element_type=\"column\">\n\t\t\t<div class=\"elementor-column-wrap\">\n\t\t\t\t\t\t\t<div class=\"elementor-widget-wrap\">\n\t\t\t\t\t\t\t\t<\/div>\n\t\t\t\t\t<\/div>\n\t\t<\/div>\n\t\t\t\t\t\t\t\t<\/div>\n\t\t\t\t\t<\/div>\n\t\t<\/section>\n\t\t\t\t<section class=\"elementor-section elementor-top-section elementor-element elementor-element-f893333 elementor-section-boxed elementor-section-height-default elementor-section-height-default\" data-id=\"f893333\" data-element_type=\"section\">\n\t\t\t\t\t\t<div class=\"elementor-container elementor-column-gap-default\">\n\t\t\t\t\t\t\t<div class=\"elementor-row\">\n\t\t\t\t\t<div class=\"elementor-column elementor-col-66 elementor-top-column elementor-element elementor-element-277efd1\" data-id=\"277efd1\" data-element_type=\"column\">\n\t\t\t<div class=\"elementor-column-wrap elementor-element-populated\">\n\t\t\t\t\t\t\t<div class=\"elementor-widget-wrap\">\n\t\t\t\t\t\t<div class=\"elementor-element elementor-element-efa3aeb elementor-widget elementor-widget-heading\" data-id=\"efa3aeb\" data-element_type=\"widget\" data-widget_type=\"heading.default\">\n\t\t\t\t<div class=\"elementor-widget-container\">\n\t\t\t<h1 class=\"elementor-heading-title elementor-size-default\">Reps<\/h1>\t\t<\/div>\n\t\t\t\t<\/div>\n\t\t\t\t<div class=\"elementor-element elementor-element-0db1791 elementor-widget elementor-widget-text-editor\" data-id=\"0db1791\" data-element_type=\"widget\" data-widget_type=\"text-editor.default\">\n\t\t\t\t<div class=\"elementor-widget-container\">\n\t\t\t\t\t\t\t\t<div class=\"elementor-text-editor elementor-clearfix\">\n\t\t\t\t<p><!-- wp:paragraph --><\/p>\n<p><!-- \/wp:paragraph --><!-- wp:paragraph --><\/p>\n<p>We repair all kite of kites.<\/p>\n<p><!-- \/wp:paragraph --><!-- wp:paragraph --><\/p>\n<p><span>We put patches on pinholes but if your bladder exploded, we will replace it.<\/span><\/p>\n<p><!-- \/wp:paragraph --><!-- wp:paragraph --><\/p>\n<p>Leaking valves will be systematically replaced with a new one.<\/p>\n<p><!-- \/wp:paragraph --><!-- wp:paragraph --><\/p>\n<p>We replace bridles, depower rope and steering lines.<\/p>\n<p><!-- \/wp:paragraph --><!-- wp:paragraph --><\/p>\n<p><span>We put patches on small holes in the canopy.<\/span><\/p>\n<p><span>We fix tears in the canopy and the leading edge<\/span> .<br><\/p>\n<p><span><\/span><\/p>\n<p><\/p>\n<p>After repairing your kite, we will leave it inflated 4hours to make sure it holds the pressure.<\/p>\n<section data-id=\"5fa7d81\" data-element_type=\"section\"><\/section>\n<p><!-- \/wp:paragraph --><!-- wp:image {\"align\":\"left\",\"id\":383,\"sizeSlug\":\"large\",\"linkDestination\":\"none\"} --><\/p>\n<div>&nbsp;<\/div>\n<p><!-- \/wp:image --><\/p>\t\t\t\t\t<\/div>\n\t\t\t\t\t\t<\/div>\n\t\t\t\t<\/div>\n\t\t\t\t\t\t<\/div>\n\t\t\t\t\t<\/div>\n\t\t<\/div>\n\t\t\t\t<div class=\"elementor-column elementor-col-33 elementor-top-column elementor-element elementor-element-91b672e\" data-id=\"91b672e\" data-element_type=\"column\">\n\t\t\t<div class=\"elementor-column-wrap elementor-element-populated\">\n\t\t\t\t\t\t\t<div class=\"elementor-widget-wrap\">\n\t\t\t\t\t\t<div class=\"elementor-element elementor-element-dd6f4d6 elementor-widget elementor-widget-image\" data-id=\"dd6f4d6\" data-element_type=\"widget\" data-widget_type=\"image.default\">\n\t\t\t\t<div class=\"elementor-widget-container\">\n\t\t\t\t\t\t\t\t<div class=\"elementor-image\">\n\t\t\t\t\t\t\t\t\t\t\t\t<img loading=\"lazy\" decoding=\"async\" width=\"394\" height=\"303\" src=\"https:\/\/kiterepair.dk\/wp-content\/uploads\/2021\/01\/kiterpair-1-edited-394x303.jpg\" class=\"attachment-th_img_sm_landscape size-th_img_sm_landscape\" alt=\"\" srcset=\"https:\/\/kiterepair.dk\/wp-content\/uploads\/2021\/01\/kiterpair-1-edited-394x303.jpg 394w, https:\/\/kiterepair.dk\/wp-content\/uploads\/2021\/01\/kiterpair-1-edited-605x465.jpg 605w\" sizes=\"auto, (max-width: 394px) 100vw, 394px\" \/>\t\t\t\t\t\t\t\t\t\t\t\t\t\t<\/div>\n\t\t\t\t\t\t<\/div>\n\t\t\t\t<\/div>\n\t\t\t\t\t\t<\/div>\n\t\t\t\t\t<\/div>\n\t\t<\/div>\n\t\t\t\t\t\t\t\t<\/div>\n\t\t\t\t\t<\/div>\n\t\t<\/section>\n\t\t\t\t<section class=\"elementor-section elementor-top-section elementor-element elementor-element-f364d13 elementor-section-boxed elementor-section-height-default elementor-section-height-default\" data-id=\"f364d13\" data-element_type=\"section\">\n\t\t\t\t\t\t<div class=\"elementor-container elementor-column-gap-default\">\n\t\t\t\t\t\t\t<div class=\"elementor-row\">\n\t\t\t\t\t<div class=\"elementor-column elementor-col-100 elementor-top-column elementor-element elementor-element-47a42d4\" data-id=\"47a42d4\" data-element_type=\"column\">\n\t\t\t<div class=\"elementor-column-wrap\">\n\t\t\t\t\t\t\t<div class=\"elementor-widget-wrap\">\n\t\t\t\t\t\t\t\t<\/div>\n\t\t\t\t\t<\/div>\n\t\t<\/div>\n\t\t\t\t\t\t\t\t<\/div>\n\t\t\t\t\t<\/div>\n\t\t<\/section>\n\t\t\t\t\t\t\t\t\t<\/div>\n\t\t\t<\/div>\n\t\t\t\t\t<\/div>","protected":false},"excerpt":{"rendered":"<p>Reparationer Vi reparer alle slags ut\u00e6tte kites. Ved mindre huller i bl\u00e6ren s\u00e6tter vi lapper p\u00e5, men hvis den er spr\u00e6ngt, s\u00e5 skifter vi den. ut\u00e6tte ventiler fjernes sytematisk for at blive udskiftet. Vi skifter bridles og styreliner. Vi reparerer &hellip; <a href=\"https:\/\/kiterepair.dk\/en\/\">Read More<\/a><\/p>","protected":false},"author":1,"featured_media":383,"parent":0,"menu_order":0,"comment_status":"closed","ping_status":"closed","template":"","meta":{"footnotes":""},"class_list":["post-336","page","type-page","status-publish","has-post-thumbnail","hentry"],"_links":{"self":[{"href":"https:\/\/kiterepair.dk\/en\/wp-json\/wp\/v2\/pages\/336","targetHints":{"allow":["GET"]}}],"collection":[{"href":"https:\/\/kiterepair.dk\/en\/wp-json\/wp\/v2\/pages"}],"about":[{"href":"https:\/\/kiterepair.dk\/en\/wp-json\/wp\/v2\/types\/page"}],"author":[{"embeddable":true,"href":"https:\/\/kiterepair.dk\/en\/wp-json\/wp\/v2\/users\/1"}],"replies":[{"embeddable":true,"href":"https:\/\/kiterepair.dk\/en\/wp-json\/wp\/v2\/comments?post=336"}],"version-history":[{"count":47,"href":"https:\/\/kiterepair.dk\/en\/wp-json\/wp\/v2\/pages\/336\/revisions"}],"predecessor-version":[{"id":584,"href":"https:\/\/kiterepair.dk\/en\/wp-json\/wp\/v2\/pages\/336\/revisions\/584"}],"wp:featuredmedia":[{"embeddable":true,"href":"https:\/\/kiterepair.dk\/en\/wp-json\/wp\/v2\/media\/383"}],"wp:attachment":[{"href":"https:\/\/kiterepair.dk\/en\/wp-json\/wp\/v2\/media?parent=336"}],"curies":[{"name":"wp","href":"https:\/\/api.w.org\/{rel}","templated":true}]}}